{"id":3,"date":"2024-10-02T20:33:21","date_gmt":"2024-10-02T18:33:21","guid":{"rendered":"https:\/\/independentwomenlovelife.com\/?page_id=3"},"modified":"2024-10-17T22:07:42","modified_gmt":"2024-10-17T20:07:42","slug":"privacy-policy","status":"publish","type":"page","link":"https:\/\/independentwomenlovelife.com\/fr\/privacy-policy\/","title":{"rendered":"Politique de confidentialit\u00e9"},"content":{"rendered":"<div data-elementor-type=\"wp-page\" data-elementor-id=\"3\" class=\"elementor elementor-3\" data-elementor-post-type=\"page\">\n\t\t\t\t<div class=\"elementor-element elementor-element-4c08122 e-flex e-con-boxed e-con e-parent\" data-id=\"4c08122\" data-element_type=\"container\">\n\t\t\t\t\t<div class=\"e-con-inner\">\n\t\t\t\t<div class=\"elementor-element elementor-element-f2dfd4c elementor-widget elementor-widget-heading\" data-id=\"f2dfd4c\" data-element_type=\"widget\" data-widget_type=\"heading.default\">\n\t\t\t\t<div class=\"elementor-widget-container\">\n\t\t\t\t\t<h2 class=\"elementor-heading-title elementor-size-default\">Politique de confidentialit\u00e9<\/h2>\t\t\t\t<\/div>\n\t\t\t\t<\/div>\n\t\t\t\t<div class=\"elementor-element elementor-element-900c2b6 elementor-widget elementor-widget-text-editor\" data-id=\"900c2b6\" data-element_type=\"widget\" data-widget_type=\"text-editor.default\">\n\t\t\t\t<div class=\"elementor-widget-container\">\n\t\t\t\t\t\t\t\t\t<p>Independent Women Love Life s'engage \u00e0 prot\u00e9ger votre vie priv\u00e9e en ligne. Lapr\u00e9sente politique de confidentialit\u00e9 d\u00e9crit les informations personnelles que nous recueillons via le site internet independentwomenlovelife.com (le \u00absite\u00bb), ainsi que la mani\u00e8re dont ces informations sont collect\u00e9es et utilis\u00e9es. <\/p><p>Les termes \u00abnous\u00bb, \u00abnotre\u00bb et \u00abnos\u00bb font r\u00e9f\u00e9rence \u00e0 Independent Women Love\nLife. Les termes \u00abutilisateur\u00bb, \u00abvous\u00bb et \u00abvotre\u00bb d\u00e9signent les visiteurs du site, les\nclients et toute autre personne utilisant le site. Le terme \u00abinformations personnelles\u00bb\nfait r\u00e9f\u00e9rence aux donn\u00e9es que vous nous fournissez volontairement et qui\npermettent de vous identifier personnellement et\/ou de vous contacter, telles que\nvotre nom, num\u00e9ro de t\u00e9l\u00e9phone et adresse e-mail. Le terme \u00abservice\u00bb d\u00e9signe le\nblog, le podcast, les produits num\u00e9riques ou physiques, les accompagnements\nindividuels ou les programmes de groupe, qu\u2019ils soient payants ou gratuits. L\u2019utilisation du site Independent Women Love Life, y compris tous les contenus et\nservices en ligne propos\u00e9s, est soumise \u00e0 la pr\u00e9sente politique de confidentialit\u00e9.\nCelle-ci s\u2019applique \u00e0 tous les visiteurs, clients et utilisateurs du site. En acc\u00e9dant au\nsite ou en utilisant les services, vous acceptez cette politique de confidentialit\u00e9 sans\nmodification et reconnaissez en avoir pris connaissance.<\/p><h3>INFORMATIONS QUE NOUS COLLECTONS<\/h3><p>Ce site ne collecte que les informations personnelles que vous choisissez de nous\nfournir, \u00e0 savoir:<\/p><p>Adresse e-mail<br \/>Pr\u00e9nom<br \/>Nom<br \/>Num\u00e9ro de t\u00e9l\u00e9phone<\/p><p>Ces informations sont utilis\u00e9es pour traiter vos demandes, envoyer des e-mails\noccasionnels et am\u00e9liorer les services propos\u00e9s. Nous partageons certaines\ndonn\u00e9es avec des partenaires de confiance qui nous assistent dans la gestion du\nsite, la relation client et la prestation de services. Ces tiers s\u2019engagent \u00e0 respecter la\nconfidentialit\u00e9 de vos donn\u00e9es. Vos informations personnelles ne seront jamais\npartag\u00e9es avec des tiers non li\u00e9s.<\/p><h3>ACTIVIT\u00c9<\/h3><p>Nous pouvons enregistrer certaines informations concernant votre utilisation du site,\ntelles que les recherches effectu\u00e9es, les pages consult\u00e9es, le type de navigateur,\nl\u2019adresse IP, l\u2019URL demand\u00e9e, l\u2019URL de provenance, ainsi que des donn\u00e9es\nhorodat\u00e9es. Ces informations servent \u00e0 administrer le site et \u00e0 offrir un service de la\nmeilleure qualit\u00e9 possible. Elles peuvent aussi \u00eatre utilis\u00e9es de mani\u00e8re agr\u00e9g\u00e9e\npour r\u00e9aliser des analyses statistiques sur l\u2019utilisation du site.<\/p><h3>COOKIES<\/h3><p>Nous pouvons envoyer des cookies \u00e0 votre ordinateur afin d\u2019identifier votre\nnavigateur et d\u2019am\u00e9liorer la qualit\u00e9 de nos services. Les \u00abcookies\u00bb sont de petits\nfichiers envoy\u00e9s au disque dur de votre ordinateur pendant votre navigation. Nous\nutilisons \u00e0 la fois des cookies temporaires (supprim\u00e9s \u00e0 la fermeture du navigateur)\net des cookies persistants (conserv\u00e9s jusqu\u2019\u00e0 suppression manuelle). Vous pouvez\naccepter ou refuser les cookies via les param\u00e8tres de votre navigateur. Le refus des\ncookies peut alt\u00e9rer le bon fonctionnement de certaines fonctionnalit\u00e9s du site.<\/p><h3>LIENS VERS DES TIERS<\/h3><p>Le site peut contenir des liens vers des sites web tiers. Sauf mention contraire dans\ncette politique, seuls les usages et divulgations des informations collect\u00e9es sur notre\nsite sont couverts par ce document. Les sites accessibles via des liens ont leurs\npropres politiques de confidentialit\u00e9. Nous ne sommes pas responsables de leurs\npratiques ou contenus.<\/p><h3>S\u00c9CURIT\u00c9<\/h3><p>Nous mettons en oeuvre des mesures de s\u00e9curit\u00e9 pour prot\u00e9ger vos informations\npersonnelles contre tout acc\u00e8s non autoris\u00e9, usage abusif ou divulgation.\nCependant, aucune transmission de donn\u00e9es sur Internet ne peut \u00eatre garantie \u00e0\n100 % s\u00e9curis\u00e9e. Vous reconnaissez que les donn\u00e9es que vous partagez\nvolontairement sur ce site pourraient \u00eatre intercept\u00e9es ou alt\u00e9r\u00e9es par un tiers, sans\nnotre connaissance ou autorisation. Vous acceptez que nous ne soyons pas tenus\nresponsables en cas d'interception ou d'utilisation non autoris\u00e9e de vos donn\u00e9es\npersonnelles.<\/p><h3>VOS DROITS EN MATI\u00c8RE DE RGPD<\/h3><p>Si vous \u00eates situ\u00e9(e) dans l\u2019Union europ\u00e9enne, vous b\u00e9n\u00e9ficiez de certains droits en\nvertu du R\u00e8glement G\u00e9n\u00e9ral sur la Protection des Donn\u00e9es (RGPD):<\/p><p>Vos donn\u00e9es seront conserv\u00e9es jusqu\u2019\u00e0 l\u2019un des cas suivants:\n(a) vous demandez leur suppression, (b) nous d\u00e9cidons de ne plus faire appel \u00e0\nnotre prestataire de donn\u00e9es, (c) la valeur de conservation ne justifie plus les co\u00fbts\nassoci\u00e9s.<\/p><p>Vous avez le droit d\u2019acc\u00e9der \u00e0 vos donn\u00e9es, de les modifier ou de demander leur\nsuppression.<\/p><p>Vous pouvez restreindre ou vous opposer au traitement de vos donn\u00e9es.<\/p><p>Vous avez le droit \u00e0 la portabilit\u00e9 de vos donn\u00e9es.<\/p><p>Vous pouvez retirer \u00e0 tout moment votre consentement au traitement de vos\ndonn\u00e9es, sans que cela n\u2019affecte la l\u00e9galit\u00e9 des traitements effectu\u00e9s avant ce\nretrait.<\/p><p>Vous avez le droit d\u2019introduire une r\u00e9clamation aupr\u00e8s d\u2019une autorit\u00e9 de contr\u00f4le\ncomp\u00e9tente.<\/p><p>Nous ne collectons que les donn\u00e9es n\u00e9cessaires pour conclure un contrat avec vous\net ne vous demanderons jamais un consentement pour un traitement superflu.<\/p><h3>MISE \u00c0 JOUR DE VOS INFORMATIONS<\/h3><p>Si vous vous inscrivez \u00e0 notre liste de diffusion, chaque e-mail contiendra une option\nde d\u00e9sabonnement. Vous pouvez \u00e9galement acc\u00e9der \u00e0 vos donn\u00e9es personnelles\nou modifier vos pr\u00e9f\u00e9rences en nous contactant \u00e0:\nadrienne@<span class=\"oe_displaynone\">null<\/span>&#x69;&#x6e;&#x64;&#x65;&#x70;&#x65;&#x6e;&#x64;&#x65;&#x6e;&#x74;&#x77;&#x6f;&#x6d;&#x65;&#x6e;&#x6c;&#x6f;&#x76;&#x65;&#x6c;&#x69;&#x66;&#x65;&#x2e;&#x63;&#x6f;&#x6d;.<\/p><h3>D\u00c9SINSCRIPTION<\/h3><p><p id=\"matomo_opted_out_intro\" style=\"display:none;\">Opt-out complete; your visits to this website will not be recorded by the Web Analytics tool. Note that if you clear your cookies, delete the opt-out cookie, or if you change computers or Web browsers, you will need to perform the opt-out procedure again.<\/p><p id=\"matomo_opted_in_intro\" >Vous pouvez choisir de d\u00e9sactiver le suivi de votre navigation sur ce site. Cela\nprot\u00e9gera votre vie priv\u00e9e mais limitera \u00e9galement notre capacit\u00e9 \u00e0 am\u00e9liorer votre\nexp\u00e9rience utilisateur.<\/p><form action=\"\">\n        <input type=\"checkbox\" id=\"matomo_optout_checkbox\" checked=\"checked\"\/>\n        <label for=\"matomo_optout_checkbox\"><strong>\n        <span id=\"matomo_opted_in_label\" >Vous n\u2019\u00eates pas encore exclue. D\u00e9cochez cette case pour d\u00e9sactiver le suivi.<\/span>\n\t\t<span id=\"matomo_opted_out_label\" style=\"display:none;\">You are currently opted out. Check this box to opt-in.<\/span>\n        <\/strong><\/label><input type=\"hidden\" name=\"trp-form-language\" value=\"fr\"\/><\/form><noscript><p><strong style=\"color: #ff0000;\">This opt out feature requires JavaScript.<\/strong><\/p><\/noscript><p id=\"matomo_outout_err_cookies\" style=\"display: none;\"><strong>The tracking opt-out feature requires cookies to be enabled.<\/strong><\/p><\/p><h3 style=\"margin-top: 1.7em;\">MODIFICATIONS DE LA POLITIQUE<\/h3><p>Vous reconnaissez qu\u2019il est de votre responsabilit\u00e9 de consulter r\u00e9guli\u00e8rement cette\npage afin de rester inform\u00e9(e) de tout changement. Toute modification apport\u00e9e \u00e0\ncette politique sera publi\u00e9e sur cette page.<\/p><h3>CONTACT<\/h3><p>Pour toute question relative \u00e0 notre politique de confidentialit\u00e9, vous pouvez nous\n\u00e9crire \u00e0:\nadrienne@<span class=\"oe_displaynone\">null<\/span>&#x69;&#x6e;&#x64;&#x65;&#x70;&#x65;&#x6e;&#x64;&#x65;&#x6e;&#x74;&#x77;&#x6f;&#x6d;&#x65;&#x6e;&#x6c;&#x6f;&#x76;&#x65;&#x6c;&#x69;&#x66;&#x65;&#x2e;&#x63;&#x6f;&#x6d;.<\/p><p><i>Last Updated: November 2024<\/i><\/p>\t\t\t\t\t\t\t\t<\/div>\n\t\t\t\t<\/div>\n\t\t\t\t\t<\/div>\n\t\t\t\t<\/div>\n\t\t\t\t<\/div>","protected":false},"excerpt":{"rendered":"<p>Privacy Policy Independent Women Love Life is committed to protecting your privacy online. This Privacy Policy describes the personal information we collect through this website at independentwomenlovelife.com (the \u201cSite\u201d), and how we collect and use that information. The terms \u201cwe,\u201d \u201cus,\u201d and \u201cour\u201d refers to Independent Women Love Life. The terms \u201cuser,\u201d \u201cyou,\u201d and \u201cyour\u201d [&hellip;]<\/p>","protected":false},"author":4,"featured_media":0,"parent":0,"menu_order":0,"comment_status":"closed","ping_status":"closed","template":"","meta":{"_acf_changed":false,"footnotes":""},"class_list":["post-3","page","type-page","status-publish","hentry"],"acf":[],"yoast_head":"<!-- This site is optimized with the Yoast SEO plugin v26.3 - https:\/\/yoast.com\/wordpress\/plugins\/seo\/ -->\n<title>Privacy Policy | Independent Women Love Life<\/title>\n<meta name=\"robots\" content=\"index, follow, max-snippet:-1, max-image-preview:large, max-video-preview:-1\" \/>\n<link rel=\"canonical\" href=\"https:\/\/independentwomenlovelife.com\/fr\/privacy-policy\/\" \/>\n<meta property=\"og:locale\" content=\"fr_FR\" \/>\n<meta property=\"og:type\" content=\"article\" \/>\n<meta property=\"og:title\" content=\"Privacy Policy | Independent Women Love Life\" \/>\n<meta property=\"og:description\" content=\"Privacy Policy Independent Women Love Life is committed to protecting your privacy online. This Privacy Policy describes the personal information we collect through this website at independentwomenlovelife.com (the \u201cSite\u201d), and how we collect and use that information. The terms \u201cwe,\u201d \u201cus,\u201d and \u201cour\u201d refers to Independent Women Love Life. The terms \u201cuser,\u201d \u201cyou,\u201d and \u201cyour\u201d [&hellip;]\" \/>\n<meta property=\"og:url\" content=\"https:\/\/independentwomenlovelife.com\/fr\/privacy-policy\/\" \/>\n<meta property=\"og:site_name\" content=\"Independent Women Love Life\" \/>\n<meta property=\"article:modified_time\" content=\"2024-10-17T20:07:42+00:00\" \/>\n<meta name=\"twitter:card\" content=\"summary_large_image\" \/>\n<meta name=\"twitter:label1\" content=\"Dur\u00e9e de lecture estim\u00e9e\" \/>\n\t<meta name=\"twitter:data1\" content=\"5 minutes\" \/>\n<script type=\"application\/ld+json\" class=\"yoast-schema-graph\">{\"@context\":\"https:\/\/schema.org\",\"@graph\":[{\"@type\":\"WebPage\",\"@id\":\"https:\/\/independentwomenlovelife.com\/privacy-policy\/\",\"url\":\"https:\/\/independentwomenlovelife.com\/privacy-policy\/\",\"name\":\"Privacy Policy | Independent Women Love Life\",\"isPartOf\":{\"@id\":\"https:\/\/independentwomenlovelife.com\/#website\"},\"datePublished\":\"2024-10-02T18:33:21+00:00\",\"dateModified\":\"2024-10-17T20:07:42+00:00\",\"breadcrumb\":{\"@id\":\"https:\/\/independentwomenlovelife.com\/privacy-policy\/#breadcrumb\"},\"inLanguage\":\"fr-FR\",\"potentialAction\":[{\"@type\":\"ReadAction\",\"target\":[\"https:\/\/independentwomenlovelife.com\/privacy-policy\/\"]}]},{\"@type\":\"BreadcrumbList\",\"@id\":\"https:\/\/independentwomenlovelife.com\/privacy-policy\/#breadcrumb\",\"itemListElement\":[{\"@type\":\"ListItem\",\"position\":1,\"name\":\"Home\",\"item\":\"https:\/\/independentwomenlovelife.com\/\"},{\"@type\":\"ListItem\",\"position\":2,\"name\":\"Privacy Policy\"}]},{\"@type\":\"WebSite\",\"@id\":\"https:\/\/independentwomenlovelife.com\/#website\",\"url\":\"https:\/\/independentwomenlovelife.com\/\",\"name\":\"Independent Women Love Life\",\"description\":\"Helping people pleasing moms undo the negative patterns of previous love relationships and confidently create a healthy partnership\",\"publisher\":{\"@id\":\"https:\/\/independentwomenlovelife.com\/#organization\"},\"potentialAction\":[{\"@type\":\"SearchAction\",\"target\":{\"@type\":\"EntryPoint\",\"urlTemplate\":\"https:\/\/independentwomenlovelife.com\/?s={search_term_string}\"},\"query-input\":{\"@type\":\"PropertyValueSpecification\",\"valueRequired\":true,\"valueName\":\"search_term_string\"}}],\"inLanguage\":\"fr-FR\"},{\"@type\":\"Organization\",\"@id\":\"https:\/\/independentwomenlovelife.com\/#organization\",\"name\":\"Independent Women Love Life\",\"url\":\"https:\/\/independentwomenlovelife.com\/\",\"logo\":{\"@type\":\"ImageObject\",\"inLanguage\":\"fr-FR\",\"@id\":\"https:\/\/independentwomenlovelife.com\/#\/schema\/logo\/image\/\",\"url\":\"https:\/\/independentwomenlovelife.com\/wp-content\/uploads\/2025\/01\/independent-women-love-life_logo_hires.svg\",\"contentUrl\":\"https:\/\/independentwomenlovelife.com\/wp-content\/uploads\/2025\/01\/independent-women-love-life_logo_hires.svg\",\"width\":1500,\"height\":450,\"caption\":\"Independent Women Love Life\"},\"image\":{\"@id\":\"https:\/\/independentwomenlovelife.com\/#\/schema\/logo\/image\/\"},\"sameAs\":[\"https:\/\/www.instagram.com\/independentwomenlovelife\"]}]}<\/script>\n<!-- \/ Yoast SEO plugin. -->","yoast_head_json":{"title":"Privacy Policy | Independent Women Love Life","robots":{"index":"index","follow":"follow","max-snippet":"max-snippet:-1","max-image-preview":"max-image-preview:large","max-video-preview":"max-video-preview:-1"},"canonical":"https:\/\/independentwomenlovelife.com\/fr\/privacy-policy\/","og_locale":"fr_FR","og_type":"article","og_title":"Privacy Policy | Independent Women Love Life","og_description":"Privacy Policy Independent Women Love Life is committed to protecting your privacy online. This Privacy Policy describes the personal information we collect through this website at independentwomenlovelife.com (the \u201cSite\u201d), and how we collect and use that information. The terms \u201cwe,\u201d \u201cus,\u201d and \u201cour\u201d refers to Independent Women Love Life. The terms \u201cuser,\u201d \u201cyou,\u201d and \u201cyour\u201d [&hellip;]","og_url":"https:\/\/independentwomenlovelife.com\/fr\/privacy-policy\/","og_site_name":"Independent Women Love Life","article_modified_time":"2024-10-17T20:07:42+00:00","twitter_card":"summary_large_image","twitter_misc":{"Dur\u00e9e de lecture estim\u00e9e":"5 minutes"},"schema":{"@context":"https:\/\/schema.org","@graph":[{"@type":"WebPage","@id":"https:\/\/independentwomenlovelife.com\/privacy-policy\/","url":"https:\/\/independentwomenlovelife.com\/privacy-policy\/","name":"Privacy Policy | Independent Women Love Life","isPartOf":{"@id":"https:\/\/independentwomenlovelife.com\/#website"},"datePublished":"2024-10-02T18:33:21+00:00","dateModified":"2024-10-17T20:07:42+00:00","breadcrumb":{"@id":"https:\/\/independentwomenlovelife.com\/privacy-policy\/#breadcrumb"},"inLanguage":"fr-FR","potentialAction":[{"@type":"ReadAction","target":["https:\/\/independentwomenlovelife.com\/privacy-policy\/"]}]},{"@type":"BreadcrumbList","@id":"https:\/\/independentwomenlovelife.com\/privacy-policy\/#breadcrumb","itemListElement":[{"@type":"ListItem","position":1,"name":"Home","item":"https:\/\/independentwomenlovelife.com\/"},{"@type":"ListItem","position":2,"name":"Privacy Policy"}]},{"@type":"WebSite","@id":"https:\/\/independentwomenlovelife.com\/#website","url":"https:\/\/independentwomenlovelife.com\/","name":"Independent Women Love Life","description":"Helping people pleasing moms undo the negative patterns of previous love relationships and confidently create a healthy partnership","publisher":{"@id":"https:\/\/independentwomenlovelife.com\/#organization"},"potentialAction":[{"@type":"SearchAction","target":{"@type":"EntryPoint","urlTemplate":"https:\/\/independentwomenlovelife.com\/?s={search_term_string}"},"query-input":{"@type":"PropertyValueSpecification","valueRequired":true,"valueName":"search_term_string"}}],"inLanguage":"fr-FR"},{"@type":"Organization","@id":"https:\/\/independentwomenlovelife.com\/#organization","name":"Independent Women Love Life","url":"https:\/\/independentwomenlovelife.com\/","logo":{"@type":"ImageObject","inLanguage":"fr-FR","@id":"https:\/\/independentwomenlovelife.com\/#\/schema\/logo\/image\/","url":"https:\/\/independentwomenlovelife.com\/wp-content\/uploads\/2025\/01\/independent-women-love-life_logo_hires.svg","contentUrl":"https:\/\/independentwomenlovelife.com\/wp-content\/uploads\/2025\/01\/independent-women-love-life_logo_hires.svg","width":1500,"height":450,"caption":"Independent Women Love Life"},"image":{"@id":"https:\/\/independentwomenlovelife.com\/#\/schema\/logo\/image\/"},"sameAs":["https:\/\/www.instagram.com\/independentwomenlovelife"]}]}},"_links":{"self":[{"href":"https:\/\/independentwomenlovelife.com\/fr\/wp-json\/wp\/v2\/pages\/3","targetHints":{"allow":["GET"]}}],"collection":[{"href":"https:\/\/independentwomenlovelife.com\/fr\/wp-json\/wp\/v2\/pages"}],"about":[{"href":"https:\/\/independentwomenlovelife.com\/fr\/wp-json\/wp\/v2\/types\/page"}],"author":[{"embeddable":true,"href":"https:\/\/independentwomenlovelife.com\/fr\/wp-json\/wp\/v2\/users\/4"}],"replies":[{"embeddable":true,"href":"https:\/\/independentwomenlovelife.com\/fr\/wp-json\/wp\/v2\/comments?post=3"}],"version-history":[{"count":5,"href":"https:\/\/independentwomenlovelife.com\/fr\/wp-json\/wp\/v2\/pages\/3\/revisions"}],"predecessor-version":[{"id":547,"href":"https:\/\/independentwomenlovelife.com\/fr\/wp-json\/wp\/v2\/pages\/3\/revisions\/547"}],"wp:attachment":[{"href":"https:\/\/independentwomenlovelife.com\/fr\/wp-json\/wp\/v2\/media?parent=3"}],"curies":[{"name":"wp","href":"https:\/\/api.w.org\/{rel}","templated":true}]}}