{"id":28,"date":"2024-10-02T14:21:19","date_gmt":"2024-10-02T12:21:19","guid":{"rendered":"https:\/\/independentwomenlovelife.com\/?page_id=28"},"modified":"2025-08-08T18:56:53","modified_gmt":"2025-08-08T16:56:53","slug":"meet-adrienne-wavre","status":"publish","type":"page","link":"https:\/\/independentwomenlovelife.com\/fr\/meet-adrienne-wavre\/","title":{"rendered":"Rencontrer Adrienne"},"content":{"rendered":"<div data-elementor-type=\"wp-post\" data-elementor-id=\"28\" class=\"elementor elementor-28\" data-elementor-post-type=\"page\">\n\t\t\t\t<div class=\"elementor-element elementor-element-680b4c2 e-flex e-con-boxed e-con e-parent\" data-id=\"680b4c2\" data-element_type=\"container\">\n\t\t\t\t\t<div class=\"e-con-inner\">\n\t\t<div class=\"elementor-element elementor-element-7e24e04 e-con-full e-flex e-con e-child\" data-id=\"7e24e04\" data-element_type=\"container\">\n\t\t\t\t<div class=\"elementor-element elementor-element-249757c elementor-widget elementor-widget-heading\" data-id=\"249757c\" data-element_type=\"widget\" data-widget_type=\"heading.default\">\n\t\t\t\t<div class=\"elementor-widget-container\">\n\t\t\t\t\t<div class=\"elementor-heading-title elementor-size-default\">Rencontrer Adrienne Wavre<\/div>\t\t\t\t<\/div>\n\t\t\t\t<\/div>\n\t\t\t\t<\/div>\n\t\t<div class=\"elementor-element elementor-element-04c1030 e-con-full dnt e-flex e-con e-child\" data-id=\"04c1030\" data-element_type=\"container\" data-no-translation=\"\">\n\t\t\t\t<div class=\"elementor-element elementor-element-7b52837 elementor-widget elementor-widget-image\" data-id=\"7b52837\" data-element_type=\"widget\" data-widget_type=\"image.default\">\n\t\t\t\t<div class=\"elementor-widget-container\">\n\t\t\t\t\t\t\t\t\t\t\t\t\t\t\t<img fetchpriority=\"high\" decoding=\"async\" width=\"700\" height=\"525\" src=\"https:\/\/independentwomenlovelife.com\/wp-content\/uploads\/2025\/08\/adrienne-wavre_v2a.jpg\" class=\"attachment-large size-large wp-image-838\" alt=\"Adrienne Wavre, Relationship Coach for Single Mums\" srcset=\"https:\/\/independentwomenlovelife.com\/wp-content\/uploads\/2025\/08\/adrienne-wavre_v2a.jpg 700w, https:\/\/independentwomenlovelife.com\/wp-content\/uploads\/2025\/08\/adrienne-wavre_v2a-300x225.jpg 300w, https:\/\/independentwomenlovelife.com\/wp-content\/uploads\/2025\/08\/adrienne-wavre_v2a-16x12.jpg 16w\" sizes=\"(max-width: 700px) 100vw, 700px\" \/>\t\t\t\t\t\t\t\t\t\t\t\t\t\t\t<\/div>\n\t\t\t\t<\/div>\n\t\t\t\t<div class=\"elementor-element elementor-element-0e55cd1 elementor-widget-divider--view-line elementor-widget elementor-widget-divider\" data-id=\"0e55cd1\" data-element_type=\"widget\" data-widget_type=\"divider.default\">\n\t\t\t\t<div class=\"elementor-widget-container\">\n\t\t\t\t\t\t\t<div class=\"elementor-divider\">\n\t\t\t<span class=\"elementor-divider-separator\">\n\t\t\t\t\t\t<\/span>\n\t\t<\/div>\n\t\t\t\t\t\t<\/div>\n\t\t\t\t<\/div>\n\t\t\t\t<\/div>\n\t\t\t\t\t<\/div>\n\t\t\t\t<\/div>\n\t\t<div class=\"elementor-element elementor-element-a06d293 e-flex e-con-boxed e-con e-parent\" data-id=\"a06d293\" data-element_type=\"container\">\n\t\t\t\t\t<div class=\"e-con-inner\">\n\t\t\t\t<div class=\"elementor-element elementor-element-084f770 elementor-widget elementor-widget-heading\" data-id=\"084f770\" data-element_type=\"widget\" data-widget_type=\"heading.default\">\n\t\t\t\t<div class=\"elementor-widget-container\">\n\t\t\t\t\t<h2 class=\"elementor-heading-title elementor-size-default\">Vous \u00eates une m\u00e8re c\u00e9libataire ind\u00e9pendante qui souhaite rencontrer une personne qui vous corresponde et construire une relation saine.<\/h2>\t\t\t\t<\/div>\n\t\t\t\t<\/div>\n\t\t\t\t<div class=\"elementor-element elementor-element-9f14097 elementor-widget elementor-widget-text-editor\" data-id=\"9f14097\" data-element_type=\"widget\" data-widget_type=\"text-editor.default\">\n\t\t\t\t<div class=\"elementor-widget-container\">\n\t\t\t\t\t\t\t\t\t<p>Dans le pass\u00e9, vous avez encha\u00een\u00e9 les exp\u00e9riences amoureuses difficiles. Vous\navez peur d\u2019essayer \u00e0 nouveau.<\/p><p>C\u2019est l\u00e0 que j\u2019interviens.<\/p><p>Apr\u00e8s une belle premi\u00e8re histoire d\u2019amour, j\u2019ai v\u00e9cu une succession de relations compliqu\u00e9es. Suite \u00e0 ma derni\u00e8re s\u00e9paration, j\u2019ai voulu comprendre pourquoi je me retrouvais syst\u00e9matiquement dans des interactions difficiles et ce que je pouvais faire pour \u00e9viter que cela ne se reproduise.<\/p><p>La th\u00e9rapie, ma formation de coach et le fait d\u2019\u00e9lever un enfant m\u2019ont permis de comprendre mes sch\u00e9mas de fonctionnement et les outils \u00e0 mettre en place pour retrouver confiance en moi et faire des choix diff\u00e9rents quant aux hommes avec qui je construis une relation.<\/p><p>Consciente que je ne suis pas la seule femme \u00e0 traverser des difficult\u00e9s dans le domaine des relations amoureuses, j\u2019ai cr\u00e9\u00e9 <em>Independent Women Love Life<\/em>. Mon objectif est d\u2019aider des femmes comme vous \u00e0 se lib\u00e9rer des sch\u00e9mas n\u00e9gatifs des exp\u00e9riences pass\u00e9es et cr\u00e9er des relations plus saines et \u00e9panouissantes.<\/p>\t\t\t\t\t\t\t\t<\/div>\n\t\t\t\t<\/div>\n\t\t\t\t\t<\/div>\n\t\t\t\t<\/div>\n\t\t<div class=\"elementor-element elementor-element-d1e401c e-flex e-con-boxed e-con e-parent\" data-id=\"d1e401c\" data-element_type=\"container\" data-settings=\"{&quot;background_background&quot;:&quot;classic&quot;}\">\n\t\t\t\t\t<div class=\"e-con-inner\">\n\t\t<div class=\"elementor-element elementor-element-cb8e236 e-con-full e-flex e-con e-child\" data-id=\"cb8e236\" data-element_type=\"container\">\n\t\t\t\t<div class=\"elementor-element elementor-element-65c77b7 elementor-widget elementor-widget-image\" data-id=\"65c77b7\" data-element_type=\"widget\" data-widget_type=\"image.default\">\n\t\t\t\t<div class=\"elementor-widget-container\">\n\t\t\t\t\t\t\t\t\t\t\t\t\t\t\t<img decoding=\"async\" width=\"370\" height=\"600\" src=\"https:\/\/independentwomenlovelife.com\/wp-content\/uploads\/2024\/11\/adrienne-waver_v4.jpg\" class=\"attachment-large size-large wp-image-623\" alt=\"Adrienne Wavre, Relationship Coach for Single Mums\" srcset=\"https:\/\/independentwomenlovelife.com\/wp-content\/uploads\/2024\/11\/adrienne-waver_v4.jpg 370w, https:\/\/independentwomenlovelife.com\/wp-content\/uploads\/2024\/11\/adrienne-waver_v4-185x300.jpg 185w\" sizes=\"(max-width: 370px) 100vw, 370px\" \/>\t\t\t\t\t\t\t\t\t\t\t\t\t\t\t<\/div>\n\t\t\t\t<\/div>\n\t\t\t\t<\/div>\n\t\t<div class=\"elementor-element elementor-element-dc142d9 e-con-full e-flex e-con e-child\" data-id=\"dc142d9\" data-element_type=\"container\">\n\t\t\t\t<div class=\"elementor-element elementor-element-b1c3960 elementor-widget elementor-widget-heading\" data-id=\"b1c3960\" data-element_type=\"widget\" data-widget_type=\"heading.default\">\n\t\t\t\t<div class=\"elementor-widget-container\">\n\t\t\t\t\t<h2 class=\"elementor-heading-title elementor-size-default\">Formation et parcours professionnel d\u2019Adrienne Wavre:<\/h2>\t\t\t\t<\/div>\n\t\t\t\t<\/div>\n\t\t\t\t<div class=\"elementor-element elementor-element-ce3f164 elementor-icon-list--layout-traditional elementor-list-item-link-full_width elementor-widget elementor-widget-icon-list\" data-id=\"ce3f164\" data-element_type=\"widget\" data-widget_type=\"icon-list.default\">\n\t\t\t\t<div class=\"elementor-widget-container\">\n\t\t\t\t\t\t\t<ul class=\"elementor-icon-list-items\">\n\t\t\t\t\t\t\t<li class=\"elementor-icon-list-item\">\n\t\t\t\t\t\t\t\t\t\t\t<span class=\"elementor-icon-list-icon\">\n\t\t\t\t\t\t\t<i aria-hidden=\"true\" class=\"fas fa-check\"><\/i>\t\t\t\t\t\t<\/span>\n\t\t\t\t\t\t\t\t\t\t<span class=\"elementor-icon-list-text\">Neuroscience School: Certificat de neurosciences appliqu\u00e9es au coaching<\/span>\n\t\t\t\t\t\t\t\t\t<\/li>\n\t\t\t\t\t\t\t\t<li class=\"elementor-icon-list-item\">\n\t\t\t\t\t\t\t\t\t\t\t<span class=\"elementor-icon-list-icon\">\n\t\t\t\t\t\t\t<i aria-hidden=\"true\" class=\"fas fa-check\"><\/i>\t\t\t\t\t\t<\/span>\n\t\t\t\t\t\t\t\t\t\t<span class=\"elementor-icon-list-text\">Coach Training Alliance: Certificat de coach professionnel<\/span>\n\t\t\t\t\t\t\t\t\t<\/li>\n\t\t\t\t\t\t\t\t<li class=\"elementor-icon-list-item\">\n\t\t\t\t\t\t\t\t\t\t\t<span class=\"elementor-icon-list-icon\">\n\t\t\t\t\t\t\t<i aria-hidden=\"true\" class=\"fas fa-check\"><\/i>\t\t\t\t\t\t<\/span>\n\t\t\t\t\t\t\t\t\t\t<span class=\"elementor-icon-list-text\">Master en communication, marketing et relations publiques<\/span>\n\t\t\t\t\t\t\t\t\t<\/li>\n\t\t\t\t\t\t\t\t<li class=\"elementor-icon-list-item\">\n\t\t\t\t\t\t\t\t\t\t\t<span class=\"elementor-icon-list-icon\">\n\t\t\t\t\t\t\t<i aria-hidden=\"true\" class=\"fas fa-check\"><\/i>\t\t\t\t\t\t<\/span>\n\t\t\t\t\t\t\t\t\t\t<span class=\"elementor-icon-list-text\">25 ans d\u2019exp\u00e9rience dans le secteur de la communication<\/span>\n\t\t\t\t\t\t\t\t\t<\/li>\n\t\t\t\t\t\t<\/ul>\n\t\t\t\t\t\t<\/div>\n\t\t\t\t<\/div>\n\t\t\t\t<\/div>\n\t\t\t\t\t<\/div>\n\t\t\t\t<\/div>\n\t\t<div class=\"elementor-element elementor-element-1ba6d87 e-flex e-con-boxed e-con e-parent\" data-id=\"1ba6d87\" data-element_type=\"container\" data-settings=\"{&quot;background_background&quot;:&quot;classic&quot;}\">\n\t\t\t\t\t<div class=\"e-con-inner\">\n\t\t\t\t<div class=\"elementor-element elementor-element-e62b2f2 elementor-widget elementor-widget-text-editor\" data-id=\"e62b2f2\" data-element_type=\"widget\" data-widget_type=\"text-editor.default\">\n\t\t\t\t<div class=\"elementor-widget-container\">\n\t\t\t\t\t\t\t\t\t<p><em>Lorsqu\u2019elle n\u2019accompagne pas des m\u00e8res c\u00e9libataires ind\u00e9pendantes, Adrienne adore passer du temps avec sa famille et ses amis, nager, skier, se promener avec son chien, voyager et assister \u00e0 des \u00e9v\u00e9nements culturels, notamment des expositions d\u2019art visuel.<\/em><\/p>\t\t\t\t\t\t\t\t<\/div>\n\t\t\t\t<\/div>\n\t\t\t\t<div class=\"elementor-element elementor-element-e10bfd7 elementor-widget-divider--view-line elementor-widget elementor-widget-divider\" data-id=\"e10bfd7\" data-element_type=\"widget\" data-widget_type=\"divider.default\">\n\t\t\t\t<div class=\"elementor-widget-container\">\n\t\t\t\t\t\t\t<div class=\"elementor-divider\">\n\t\t\t<span class=\"elementor-divider-separator\">\n\t\t\t\t\t\t<\/span>\n\t\t<\/div>\n\t\t\t\t\t\t<\/div>\n\t\t\t\t<\/div>\n\t\t\t\t\t<\/div>\n\t\t\t\t<\/div>\n\t\t\t\t<\/div>","protected":false},"excerpt":{"rendered":"<p>Meet Adrienne Wavre You are an independent single mum who would like to meet someone right for you and build a healthy partnership. But, in the past, you\u2019ve had one difficult dating and love experience after another. You\u2019re afraid to try again. That\u2019s where I come in. After a beautiful first love story, I experienced [&hellip;]<\/p>","protected":false},"author":4,"featured_media":0,"parent":0,"menu_order":0,"comment_status":"closed","ping_status":"closed","template":"","meta":{"_acf_changed":false,"footnotes":""},"class_list":["post-28","page","type-page","status-publish","hentry"],"acf":[],"yoast_head":"<!-- This site is optimized with the Yoast SEO plugin v26.3 - https:\/\/yoast.com\/wordpress\/plugins\/seo\/ -->\n<title>Meet Adrienne | Independent Women Love Life<\/title>\n<meta name=\"robots\" content=\"index, follow, max-snippet:-1, max-image-preview:large, max-video-preview:-1\" \/>\n<link rel=\"canonical\" href=\"https:\/\/independentwomenlovelife.com\/fr\/meet-adrienne-wavre\/\" \/>\n<meta property=\"og:locale\" content=\"fr_FR\" \/>\n<meta property=\"og:type\" content=\"article\" \/>\n<meta property=\"og:title\" content=\"Meet Adrienne | Independent Women Love Life\" \/>\n<meta property=\"og:description\" content=\"Meet Adrienne Wavre You are an independent single mum who would like to meet someone right for you and build a healthy partnership. But, in the past, you\u2019ve had one difficult dating and love experience after another. You\u2019re afraid to try again. That\u2019s where I come in. After a beautiful first love story, I experienced [&hellip;]\" \/>\n<meta property=\"og:url\" content=\"https:\/\/independentwomenlovelife.com\/fr\/meet-adrienne-wavre\/\" \/>\n<meta property=\"og:site_name\" content=\"Independent Women Love Life\" \/>\n<meta property=\"article:modified_time\" content=\"2025-08-08T16:56:53+00:00\" \/>\n<meta property=\"og:image\" content=\"https:\/\/independentwomenlovelife.com\/wp-content\/uploads\/2025\/08\/adrienne-wavre_v2a.jpg\" \/>\n\t<meta property=\"og:image:width\" content=\"700\" \/>\n\t<meta property=\"og:image:height\" content=\"525\" \/>\n\t<meta property=\"og:image:type\" content=\"image\/jpeg\" \/>\n<meta name=\"twitter:card\" content=\"summary_large_image\" \/>\n<meta name=\"twitter:label1\" content=\"Dur\u00e9e de lecture estim\u00e9e\" \/>\n\t<meta name=\"twitter:data1\" content=\"2 minutes\" \/>\n<script type=\"application\/ld+json\" class=\"yoast-schema-graph\">{\"@context\":\"https:\/\/schema.org\",\"@graph\":[{\"@type\":\"WebPage\",\"@id\":\"https:\/\/independentwomenlovelife.com\/meet-adrienne-wavre\/\",\"url\":\"https:\/\/independentwomenlovelife.com\/meet-adrienne-wavre\/\",\"name\":\"Meet Adrienne | Independent Women Love Life\",\"isPartOf\":{\"@id\":\"https:\/\/independentwomenlovelife.com\/#website\"},\"primaryImageOfPage\":{\"@id\":\"https:\/\/independentwomenlovelife.com\/meet-adrienne-wavre\/#primaryimage\"},\"image\":{\"@id\":\"https:\/\/independentwomenlovelife.com\/meet-adrienne-wavre\/#primaryimage\"},\"thumbnailUrl\":\"https:\/\/independentwomenlovelife.com\/wp-content\/uploads\/2025\/08\/adrienne-wavre_v2a.jpg\",\"datePublished\":\"2024-10-02T12:21:19+00:00\",\"dateModified\":\"2025-08-08T16:56:53+00:00\",\"breadcrumb\":{\"@id\":\"https:\/\/independentwomenlovelife.com\/meet-adrienne-wavre\/#breadcrumb\"},\"inLanguage\":\"fr-FR\",\"potentialAction\":[{\"@type\":\"ReadAction\",\"target\":[\"https:\/\/independentwomenlovelife.com\/meet-adrienne-wavre\/\"]}]},{\"@type\":\"ImageObject\",\"inLanguage\":\"fr-FR\",\"@id\":\"https:\/\/independentwomenlovelife.com\/meet-adrienne-wavre\/#primaryimage\",\"url\":\"https:\/\/independentwomenlovelife.com\/wp-content\/uploads\/2025\/08\/adrienne-wavre_v2a.jpg\",\"contentUrl\":\"https:\/\/independentwomenlovelife.com\/wp-content\/uploads\/2025\/08\/adrienne-wavre_v2a.jpg\"},{\"@type\":\"BreadcrumbList\",\"@id\":\"https:\/\/independentwomenlovelife.com\/meet-adrienne-wavre\/#breadcrumb\",\"itemListElement\":[{\"@type\":\"ListItem\",\"position\":1,\"name\":\"Home\",\"item\":\"https:\/\/independentwomenlovelife.com\/\"},{\"@type\":\"ListItem\",\"position\":2,\"name\":\"Meet Adrienne\"}]},{\"@type\":\"WebSite\",\"@id\":\"https:\/\/independentwomenlovelife.com\/#website\",\"url\":\"https:\/\/independentwomenlovelife.com\/\",\"name\":\"Independent Women Love Life\",\"description\":\"Helping people pleasing moms undo the negative patterns of previous love relationships and confidently create a healthy partnership\",\"publisher\":{\"@id\":\"https:\/\/independentwomenlovelife.com\/#organization\"},\"potentialAction\":[{\"@type\":\"SearchAction\",\"target\":{\"@type\":\"EntryPoint\",\"urlTemplate\":\"https:\/\/independentwomenlovelife.com\/?s={search_term_string}\"},\"query-input\":{\"@type\":\"PropertyValueSpecification\",\"valueRequired\":true,\"valueName\":\"search_term_string\"}}],\"inLanguage\":\"fr-FR\"},{\"@type\":\"Organization\",\"@id\":\"https:\/\/independentwomenlovelife.com\/#organization\",\"name\":\"Independent Women Love Life\",\"url\":\"https:\/\/independentwomenlovelife.com\/\",\"logo\":{\"@type\":\"ImageObject\",\"inLanguage\":\"fr-FR\",\"@id\":\"https:\/\/independentwomenlovelife.com\/#\/schema\/logo\/image\/\",\"url\":\"https:\/\/independentwomenlovelife.com\/wp-content\/uploads\/2025\/01\/independent-women-love-life_logo_hires.svg\",\"contentUrl\":\"https:\/\/independentwomenlovelife.com\/wp-content\/uploads\/2025\/01\/independent-women-love-life_logo_hires.svg\",\"width\":1500,\"height\":450,\"caption\":\"Independent Women Love Life\"},\"image\":{\"@id\":\"https:\/\/independentwomenlovelife.com\/#\/schema\/logo\/image\/\"},\"sameAs\":[\"https:\/\/www.instagram.com\/independentwomenlovelife\"]}]}<\/script>\n<!-- \/ Yoast SEO plugin. -->","yoast_head_json":{"title":"Meet Adrienne | Independent Women Love Life","robots":{"index":"index","follow":"follow","max-snippet":"max-snippet:-1","max-image-preview":"max-image-preview:large","max-video-preview":"max-video-preview:-1"},"canonical":"https:\/\/independentwomenlovelife.com\/fr\/meet-adrienne-wavre\/","og_locale":"fr_FR","og_type":"article","og_title":"Meet Adrienne | Independent Women Love Life","og_description":"Meet Adrienne Wavre You are an independent single mum who would like to meet someone right for you and build a healthy partnership. But, in the past, you\u2019ve had one difficult dating and love experience after another. You\u2019re afraid to try again. That\u2019s where I come in. After a beautiful first love story, I experienced [&hellip;]","og_url":"https:\/\/independentwomenlovelife.com\/fr\/meet-adrienne-wavre\/","og_site_name":"Independent Women Love Life","article_modified_time":"2025-08-08T16:56:53+00:00","og_image":[{"width":700,"height":525,"url":"https:\/\/independentwomenlovelife.com\/wp-content\/uploads\/2025\/08\/adrienne-wavre_v2a.jpg","type":"image\/jpeg"}],"twitter_card":"summary_large_image","twitter_misc":{"Dur\u00e9e de lecture estim\u00e9e":"2 minutes"},"schema":{"@context":"https:\/\/schema.org","@graph":[{"@type":"WebPage","@id":"https:\/\/independentwomenlovelife.com\/meet-adrienne-wavre\/","url":"https:\/\/independentwomenlovelife.com\/meet-adrienne-wavre\/","name":"Meet Adrienne | Independent Women Love Life","isPartOf":{"@id":"https:\/\/independentwomenlovelife.com\/#website"},"primaryImageOfPage":{"@id":"https:\/\/independentwomenlovelife.com\/meet-adrienne-wavre\/#primaryimage"},"image":{"@id":"https:\/\/independentwomenlovelife.com\/meet-adrienne-wavre\/#primaryimage"},"thumbnailUrl":"https:\/\/independentwomenlovelife.com\/wp-content\/uploads\/2025\/08\/adrienne-wavre_v2a.jpg","datePublished":"2024-10-02T12:21:19+00:00","dateModified":"2025-08-08T16:56:53+00:00","breadcrumb":{"@id":"https:\/\/independentwomenlovelife.com\/meet-adrienne-wavre\/#breadcrumb"},"inLanguage":"fr-FR","potentialAction":[{"@type":"ReadAction","target":["https:\/\/independentwomenlovelife.com\/meet-adrienne-wavre\/"]}]},{"@type":"ImageObject","inLanguage":"fr-FR","@id":"https:\/\/independentwomenlovelife.com\/meet-adrienne-wavre\/#primaryimage","url":"https:\/\/independentwomenlovelife.com\/wp-content\/uploads\/2025\/08\/adrienne-wavre_v2a.jpg","contentUrl":"https:\/\/independentwomenlovelife.com\/wp-content\/uploads\/2025\/08\/adrienne-wavre_v2a.jpg"},{"@type":"BreadcrumbList","@id":"https:\/\/independentwomenlovelife.com\/meet-adrienne-wavre\/#breadcrumb","itemListElement":[{"@type":"ListItem","position":1,"name":"Home","item":"https:\/\/independentwomenlovelife.com\/"},{"@type":"ListItem","position":2,"name":"Meet Adrienne"}]},{"@type":"WebSite","@id":"https:\/\/independentwomenlovelife.com\/#website","url":"https:\/\/independentwomenlovelife.com\/","name":"Independent Women Love Life","description":"Helping people pleasing moms undo the negative patterns of previous love relationships and confidently create a healthy partnership","publisher":{"@id":"https:\/\/independentwomenlovelife.com\/#organization"},"potentialAction":[{"@type":"SearchAction","target":{"@type":"EntryPoint","urlTemplate":"https:\/\/independentwomenlovelife.com\/?s={search_term_string}"},"query-input":{"@type":"PropertyValueSpecification","valueRequired":true,"valueName":"search_term_string"}}],"inLanguage":"fr-FR"},{"@type":"Organization","@id":"https:\/\/independentwomenlovelife.com\/#organization","name":"Independent Women Love Life","url":"https:\/\/independentwomenlovelife.com\/","logo":{"@type":"ImageObject","inLanguage":"fr-FR","@id":"https:\/\/independentwomenlovelife.com\/#\/schema\/logo\/image\/","url":"https:\/\/independentwomenlovelife.com\/wp-content\/uploads\/2025\/01\/independent-women-love-life_logo_hires.svg","contentUrl":"https:\/\/independentwomenlovelife.com\/wp-content\/uploads\/2025\/01\/independent-women-love-life_logo_hires.svg","width":1500,"height":450,"caption":"Independent Women Love Life"},"image":{"@id":"https:\/\/independentwomenlovelife.com\/#\/schema\/logo\/image\/"},"sameAs":["https:\/\/www.instagram.com\/independentwomenlovelife"]}]}},"_links":{"self":[{"href":"https:\/\/independentwomenlovelife.com\/fr\/wp-json\/wp\/v2\/pages\/28","targetHints":{"allow":["GET"]}}],"collection":[{"href":"https:\/\/independentwomenlovelife.com\/fr\/wp-json\/wp\/v2\/pages"}],"about":[{"href":"https:\/\/independentwomenlovelife.com\/fr\/wp-json\/wp\/v2\/types\/page"}],"author":[{"embeddable":true,"href":"https:\/\/independentwomenlovelife.com\/fr\/wp-json\/wp\/v2\/users\/4"}],"replies":[{"embeddable":true,"href":"https:\/\/independentwomenlovelife.com\/fr\/wp-json\/wp\/v2\/comments?post=28"}],"version-history":[{"count":5,"href":"https:\/\/independentwomenlovelife.com\/fr\/wp-json\/wp\/v2\/pages\/28\/revisions"}],"predecessor-version":[{"id":851,"href":"https:\/\/independentwomenlovelife.com\/fr\/wp-json\/wp\/v2\/pages\/28\/revisions\/851"}],"wp:attachment":[{"href":"https:\/\/independentwomenlovelife.com\/fr\/wp-json\/wp\/v2\/media?parent=28"}],"curies":[{"name":"wp","href":"https:\/\/api.w.org\/{rel}","templated":true}]}}