{"id":196,"date":"2024-10-02T11:07:16","date_gmt":"2024-10-02T09:07:16","guid":{"rendered":"https:\/\/independentwomenlovelife.com\/?page_id=196"},"modified":"2025-01-06T20:01:30","modified_gmt":"2025-01-06T19:01:30","slug":"strategy","status":"publish","type":"page","link":"https:\/\/independentwomenlovelife.com\/fr\/strategy\/","title":{"rendered":"Soyez vous-m\u00eame avec les hommes"},"content":{"rendered":"<div data-elementor-type=\"wp-page\" data-elementor-id=\"196\" class=\"elementor elementor-196\" data-elementor-post-type=\"page\">\n\t\t\t\t<div class=\"elementor-element elementor-element-3e843ef e-flex e-con-boxed e-con e-parent\" data-id=\"3e843ef\" data-element_type=\"container\">\n\t\t\t\t\t<div class=\"e-con-inner\">\n\t\t\t\t<div class=\"elementor-element elementor-element-6fa2b93 elementor-widget elementor-widget-heading\" data-id=\"6fa2b93\" data-element_type=\"widget\" data-widget_type=\"heading.default\">\n\t\t\t\t<div class=\"elementor-widget-container\">\n\t\t\t\t\t<h2 class=\"elementor-heading-title elementor-size-default\">90 minutes pour y voir plus clair<\/h2>\t\t\t\t<\/div>\n\t\t\t\t<\/div>\n\t\t\t\t<div class=\"elementor-element elementor-element-dfa2b05 elementor-widget elementor-widget-heading\" data-id=\"dfa2b05\" data-element_type=\"widget\" data-widget_type=\"heading.default\">\n\t\t\t\t<div class=\"elementor-widget-container\">\n\t\t\t\t\t<h3 class=\"elementor-heading-title elementor-size-default\">avec Adrienne Wavre, coach relationnel pour m\u00e8res c\u00e9libataires<\/h3>\t\t\t\t<\/div>\n\t\t\t\t<\/div>\n\t\t\t\t<div class=\"elementor-element elementor-element-82b95a1 elementor-widget-divider--view-line elementor-widget elementor-widget-divider\" data-id=\"82b95a1\" data-element_type=\"widget\" data-widget_type=\"divider.default\">\n\t\t\t\t<div class=\"elementor-widget-container\">\n\t\t\t\t\t\t\t<div class=\"elementor-divider\">\n\t\t\t<span class=\"elementor-divider-separator\">\n\t\t\t\t\t\t<\/span>\n\t\t<\/div>\n\t\t\t\t\t\t<\/div>\n\t\t\t\t<\/div>\n\t\t\t\t<div class=\"elementor-element elementor-element-febf19b elementor-widget elementor-widget-text-editor\" data-id=\"febf19b\" data-element_type=\"widget\" data-widget_type=\"text-editor.default\">\n\t\t\t\t<div class=\"elementor-widget-container\">\n\t\t\t\t\t\t\t\t\t<p>Vous \u00eates une femme c\u00e9libataire, bless\u00e9e et attrist\u00e9e par les exp\u00e9riences n\u00e9gatives que vous avez v\u00e9cues dans vos relations pass\u00e9es. Cela risque de vous faire renoncer \u00e0 faire de nouvelles rencontres et \u00e0 l\u2019id\u00e9e de construire une nouvelle relation.<\/p><p>Vous aspirez \u00e0 une v\u00e9ritable complicit\u00e9.<\/p><p>Je comprends. Croyez-le ou non, presque toutes les femmes c\u00e9libataires rencontrent ces m\u00eames difficult\u00e9s.<\/p><p><strong>La premi\u00e8re \u00e9tape pour vous relancer est d\u2019identifier pr\u00e9cis\u00e9ment qui vous souhaitez \u00eatre dans une relation de couple. <\/strong><\/p><p>Prendre cette d\u00e9cision vous permettra de vous d\u00e9tacher des vieilles histoires et vous donnera la force de vous lib\u00e9rer de ces anciens sch\u00e9mas.<\/p>\t\t\t\t\t\t\t\t<\/div>\n\t\t\t\t<\/div>\n\t\t\t\t<div class=\"elementor-element elementor-element-22c72be elementor-widget elementor-widget-heading\" data-id=\"22c72be\" data-element_type=\"widget\" data-widget_type=\"heading.default\">\n\t\t\t\t<div class=\"elementor-widget-container\">\n\t\t\t\t\t<div class=\"elementor-heading-title elementor-size-default\">C\u2019est ainsi que vous pourrez faire des rencontres et<br>vous attacher \u00e0 quelqu\u2019un en toute confiance.<\/div>\t\t\t\t<\/div>\n\t\t\t\t<\/div>\n\t\t\t\t<div class=\"elementor-element elementor-element-44a6878 elementor-widget elementor-widget-text-editor\" data-id=\"44a6878\" data-element_type=\"widget\" data-widget_type=\"text-editor.default\">\n\t\t\t\t<div class=\"elementor-widget-container\">\n\t\t\t\t\t\t\t\t\t<p><strong>J\u2019ai interrog\u00e9 de nombreuses femmes c\u00e9libataires, ainsi que des hommes c\u00e9libataires\u2026<\/strong><\/p><p><strong>Ce que les hommes redoutent le plus, c\u2019est que les femmes qu\u2019ils fr\u00e9quentent ne soient pas authentiques. <\/strong><\/p><p>Et cette peur les emp\u00eache d\u2019\u00eatre eux-m\u00eames.<\/p><p>Est-ce que cela vous parle?<\/p><p><strong>Il existe une meilleure fa\u00e7on de se pr\u00e9senter lors de vos rendez-vous. <\/strong><\/p>\t\t\t\t\t\t\t\t<\/div>\n\t\t\t\t<\/div>\n\t\t\t\t<div class=\"elementor-element elementor-element-cf515a5 elementor-widget elementor-widget-heading\" data-id=\"cf515a5\" data-element_type=\"widget\" data-widget_type=\"heading.default\">\n\t\t\t\t<div class=\"elementor-widget-container\">\n\t\t\t\t\t<div class=\"elementor-heading-title elementor-size-default\">Laissez-moi vous aider \u00e0 r\u00e9v\u00e9ler et \u00e0 apprendre \u00e0 exprimer la femme que vous souhaitez \u00eatre.<\/div>\t\t\t\t<\/div>\n\t\t\t\t<\/div>\n\t\t\t\t<div class=\"elementor-element elementor-element-9aff4bd elementor-widget elementor-widget-text-editor\" data-id=\"9aff4bd\" data-element_type=\"widget\" data-widget_type=\"text-editor.default\">\n\t\t\t\t<div class=\"elementor-widget-container\">\n\t\t\t\t\t\t\t\t\t<p>Je suis pass\u00e9e par l\u00e0, et j\u2019ai cr\u00e9\u00e9 <em>Independent Women Love Life<\/em> parce que je connais les changements de mentalit\u00e9 et de comportements n\u00e9cessaires pour que les m\u00e8res c\u00e9libataires construisent des relations plus saines.<\/p><p><strong>Avant notre rencontre, je vous enverrai un questionnaire qui nous aidera<\/strong> <strong>\u00e0 d\u00e9couvrir des indices importants.<\/strong>.<\/p><p><strong>Lors de la s\u00e9ance, je vous aiderai \u00e0 clarifier qui vous souhaitez \u00eatre dans une relation et les anciens comportements \u00e0 abandonner.<\/strong><\/p><p><strong>Venez \u00e0 votre s\u00e9ance pr\u00eate \u00e0 franchir les premi\u00e8res \u00e9tapes de votre transformation.<\/strong>.<\/p>\t\t\t\t\t\t\t\t<\/div>\n\t\t\t\t<\/div>\n\t\t\t\t<div class=\"elementor-element elementor-element-f36a8da elementor-widget elementor-widget-heading\" data-id=\"f36a8da\" data-element_type=\"widget\" data-widget_type=\"heading.default\">\n\t\t\t\t<div class=\"elementor-widget-container\">\n\t\t\t\t\t<div class=\"elementor-heading-title elementor-size-default\">Imaginez... ne plus avoir peur de sortir avec quelqu\u2019un et \u00e9tablir des relations plus profondes avec les hommes.<\/div>\t\t\t\t<\/div>\n\t\t\t\t<\/div>\n\t\t\t\t<div class=\"elementor-element elementor-element-a15ff99 elementor-widget elementor-widget-text-editor\" data-id=\"a15ff99\" data-element_type=\"widget\" data-widget_type=\"text-editor.default\">\n\t\t\t\t<div class=\"elementor-widget-container\">\n\t\t\t\t\t\t\t\t\t<p>Vous recevrez:<\/p>\t\t\t\t\t\t\t\t<\/div>\n\t\t\t\t<\/div>\n\t\t\t\t<div class=\"elementor-element elementor-element-5401b03 elementor-icon-list--layout-traditional elementor-list-item-link-full_width elementor-widget elementor-widget-icon-list\" data-id=\"5401b03\" data-element_type=\"widget\" data-widget_type=\"icon-list.default\">\n\t\t\t\t<div class=\"elementor-widget-container\">\n\t\t\t\t\t\t\t<ul class=\"elementor-icon-list-items\">\n\t\t\t\t\t\t\t<li class=\"elementor-icon-list-item\">\n\t\t\t\t\t\t\t\t\t\t\t<span class=\"elementor-icon-list-icon\">\n\t\t\t\t\t\t\t<i aria-hidden=\"true\" class=\"fas fa-check\"><\/i>\t\t\t\t\t\t<\/span>\n\t\t\t\t\t\t\t\t\t\t<span class=\"elementor-icon-list-text\">Un questionnaire personnalis\u00e9 avant la s\u00e9ance pour pr\u00e9parer notre conversation<\/span>\n\t\t\t\t\t\t\t\t\t<\/li>\n\t\t\t\t\t\t\t\t<li class=\"elementor-icon-list-item\">\n\t\t\t\t\t\t\t\t\t\t\t<span class=\"elementor-icon-list-icon\">\n\t\t\t\t\t\t\t<i aria-hidden=\"true\" class=\"fas fa-check\"><\/i>\t\t\t\t\t\t<\/span>\n\t\t\t\t\t\t\t\t\t\t<span class=\"elementor-icon-list-text\">90 minutes de coaching priv\u00e9 avec moi pour concevoir ensemble la nouvelle version de vous-m\u00eame.<\/span>\n\t\t\t\t\t\t\t\t\t<\/li>\n\t\t\t\t\t\t\t\t<li class=\"elementor-icon-list-item\">\n\t\t\t\t\t\t\t\t\t\t\t<span class=\"elementor-icon-list-icon\">\n\t\t\t\t\t\t\t<i aria-hidden=\"true\" class=\"fas fa-check\"><\/i>\t\t\t\t\t\t<\/span>\n\t\t\t\t\t\t\t\t\t\t<span class=\"elementor-icon-list-text\">Un r\u00e9sum\u00e9 de la s\u00e9ance avec les points cl\u00e9s et vos prochaines \u00e9tapes<\/span>\n\t\t\t\t\t\t\t\t\t<\/li>\n\t\t\t\t\t\t<\/ul>\n\t\t\t\t\t\t<\/div>\n\t\t\t\t<\/div>\n\t\t\t\t<div class=\"elementor-element elementor-element-4a357dc elementor-widget elementor-widget-text-editor\" data-id=\"4a357dc\" data-element_type=\"widget\" data-widget_type=\"text-editor.default\">\n\t\t\t\t<div class=\"elementor-widget-container\">\n\t\t\t\t\t\t\t\t\t<p><strong>Planifiez votre s\u00e9ance avec moi au moins une semaine \u00e0 l\u2019avance<\/strong> afin de pouvoir r\u00e9fl\u00e9chir et compl\u00e9ter un questionnaire que je vous enverrai au plus tard 48 heures avant notre rencontre.<\/p>\t\t\t\t\t\t\t\t<\/div>\n\t\t\t\t<\/div>\n\t\t\t\t<div class=\"elementor-element elementor-element-d867d84 elementor-widget elementor-widget-heading\" data-id=\"d867d84\" data-element_type=\"widget\" data-widget_type=\"heading.default\">\n\t\t\t\t<div class=\"elementor-widget-container\">\n\t\t\t\t\t<div class=\"elementor-heading-title elementor-size-default\">C\u2019est parti!<\/div>\t\t\t\t<\/div>\n\t\t\t\t<\/div>\n\t\t\t\t<div class=\"elementor-element elementor-element-fc4ef05 elementor-align-center elementor-widget elementor-widget-button\" data-id=\"fc4ef05\" data-element_type=\"widget\" data-widget_type=\"button.default\">\n\t\t\t\t<div class=\"elementor-widget-container\">\n\t\t\t\t\t\t\t\t\t<div class=\"elementor-button-wrapper\">\n\t\t\t\t\t<a class=\"elementor-button elementor-button-link elementor-size-sm\" href=\"https:\/\/calendly.com\/adrienne-wavre\/client-session\" target=\"_blank\">\n\t\t\t\t\t\t<span class=\"elementor-button-content-wrapper\">\n\t\t\t\t\t\t\t\t\t<span class=\"elementor-button-text\">Soyez vous-m\u00eame avec les hommes 395 EURO<\/span>\n\t\t\t\t\t<\/span>\n\t\t\t\t\t<\/a>\n\t\t\t\t<\/div>\n\t\t\t\t\t\t\t\t<\/div>\n\t\t\t\t<\/div>\n\t\t\t\t<div class=\"elementor-element elementor-element-118d720 elementor-widget elementor-widget-text-editor\" data-id=\"118d720\" data-element_type=\"widget\" data-widget_type=\"text-editor.default\">\n\t\t\t\t<div class=\"elementor-widget-container\">\n\t\t\t\t\t\t\t\t\t<p>J\u2019ai h\u00e2te de vous rencontrer et de vous voir faire des pas de g\u00e9ant dans vos relations!<\/p>\t\t\t\t\t\t\t\t<\/div>\n\t\t\t\t<\/div>\n\t\t\t\t<div class=\"elementor-element elementor-element-e6c465b elementor-widget elementor-widget-shortcode\" data-id=\"e6c465b\" data-element_type=\"widget\" data-widget_type=\"shortcode.default\">\n\t\t\t\t<div class=\"elementor-widget-container\">\n\t\t\t\t\t\t\t<div class=\"elementor-shortcode\">\t\t<div data-elementor-type=\"page\" data-elementor-id=\"637\" class=\"elementor elementor-637\" data-elementor-post-type=\"elementor_library\">\n\t\t\t\t<div class=\"elementor-element elementor-element-49bba2d e-flex e-con-boxed e-con e-parent\" data-id=\"49bba2d\" data-element_type=\"container\">\n\t\t\t\t\t<div class=\"e-con-inner\">\n\t\t\t\t<div class=\"elementor-element elementor-element-1fb3e8f elementor-widget elementor-widget-text-editor\" data-id=\"1fb3e8f\" data-element_type=\"widget\" data-widget_type=\"text-editor.default\">\n\t\t\t\t<div class=\"elementor-widget-container\">\n\t\t\t\t\t\t\t\t\t<p><img decoding=\"async\" class=\"alignnone  wp-image-789\" role=\"img\" src=\"https:\/\/independentwomenlovelife.com\/wp-content\/uploads\/2024\/11\/adrienne-sig-1.png\" alt=\"Adrienne\" width=\"164\" height=\"48\" \/><br \/><strong>Adrienne Wavre<\/strong><br \/>Coach relationnel pour m\u00e8res c\u00e9libataires<\/p>\t\t\t\t\t\t\t\t<\/div>\n\t\t\t\t<\/div>\n\t\t\t\t\t<\/div>\n\t\t\t\t<\/div>\n\t\t\t\t<\/div>\n\t\t<\/div>\n\t\t\t\t\t\t<\/div>\n\t\t\t\t<\/div>\n\t\t\t\t\t<\/div>\n\t\t\t\t<\/div>\n\t\t\t\t<\/div>","protected":false},"excerpt":{"rendered":"<p>90 Minutes to Clarity with Adrienne Wavre, Relationship Coach for Single Mums You are a single woman who is frustrated and sad about negative experiences you\u2019ve had in past relationships. It\u2019s made you give up on dating and finding a new partnership. But you long for companionship. I get it. Believe it or not, nearly [&hellip;]<\/p>","protected":false},"author":4,"featured_media":0,"parent":0,"menu_order":0,"comment_status":"closed","ping_status":"closed","template":"","meta":{"_acf_changed":false,"footnotes":""},"class_list":["post-196","page","type-page","status-publish","hentry"],"acf":[],"yoast_head":"<!-- This site is optimized with the Yoast SEO plugin v26.3 - https:\/\/yoast.com\/wordpress\/plugins\/seo\/ -->\n<title>Be Yourself with Men | Independent Women Love Life<\/title>\n<meta name=\"robots\" content=\"index, follow, max-snippet:-1, max-image-preview:large, max-video-preview:-1\" \/>\n<link rel=\"canonical\" href=\"https:\/\/independentwomenlovelife.com\/fr\/strategy\/\" \/>\n<meta property=\"og:locale\" content=\"fr_FR\" \/>\n<meta property=\"og:type\" content=\"article\" \/>\n<meta property=\"og:title\" content=\"Be Yourself with Men | Independent Women Love Life\" \/>\n<meta property=\"og:description\" content=\"90 Minutes to Clarity with Adrienne Wavre, Relationship Coach for Single Mums You are a single woman who is frustrated and sad about negative experiences you\u2019ve had in past relationships. It\u2019s made you give up on dating and finding a new partnership. But you long for companionship. I get it. Believe it or not, nearly [&hellip;]\" \/>\n<meta property=\"og:url\" content=\"https:\/\/independentwomenlovelife.com\/fr\/strategy\/\" \/>\n<meta property=\"og:site_name\" content=\"Independent Women Love Life\" \/>\n<meta property=\"article:modified_time\" content=\"2025-01-06T19:01:30+00:00\" \/>\n<meta name=\"twitter:card\" content=\"summary_large_image\" \/>\n<meta name=\"twitter:label1\" content=\"Dur\u00e9e de lecture estim\u00e9e\" \/>\n\t<meta name=\"twitter:data1\" content=\"2 minutes\" \/>\n<script type=\"application\/ld+json\" class=\"yoast-schema-graph\">{\"@context\":\"https:\/\/schema.org\",\"@graph\":[{\"@type\":\"WebPage\",\"@id\":\"https:\/\/independentwomenlovelife.com\/strategy\/\",\"url\":\"https:\/\/independentwomenlovelife.com\/strategy\/\",\"name\":\"Be Yourself with Men | Independent Women Love Life\",\"isPartOf\":{\"@id\":\"https:\/\/independentwomenlovelife.com\/#website\"},\"datePublished\":\"2024-10-02T09:07:16+00:00\",\"dateModified\":\"2025-01-06T19:01:30+00:00\",\"breadcrumb\":{\"@id\":\"https:\/\/independentwomenlovelife.com\/strategy\/#breadcrumb\"},\"inLanguage\":\"fr-FR\",\"potentialAction\":[{\"@type\":\"ReadAction\",\"target\":[\"https:\/\/independentwomenlovelife.com\/strategy\/\"]}]},{\"@type\":\"BreadcrumbList\",\"@id\":\"https:\/\/independentwomenlovelife.com\/strategy\/#breadcrumb\",\"itemListElement\":[{\"@type\":\"ListItem\",\"position\":1,\"name\":\"Home\",\"item\":\"https:\/\/independentwomenlovelife.com\/\"},{\"@type\":\"ListItem\",\"position\":2,\"name\":\"Be Yourself with Men\"}]},{\"@type\":\"WebSite\",\"@id\":\"https:\/\/independentwomenlovelife.com\/#website\",\"url\":\"https:\/\/independentwomenlovelife.com\/\",\"name\":\"Independent Women Love Life\",\"description\":\"Helping people pleasing moms undo the negative patterns of previous love relationships and confidently create a healthy partnership\",\"publisher\":{\"@id\":\"https:\/\/independentwomenlovelife.com\/#organization\"},\"potentialAction\":[{\"@type\":\"SearchAction\",\"target\":{\"@type\":\"EntryPoint\",\"urlTemplate\":\"https:\/\/independentwomenlovelife.com\/?s={search_term_string}\"},\"query-input\":{\"@type\":\"PropertyValueSpecification\",\"valueRequired\":true,\"valueName\":\"search_term_string\"}}],\"inLanguage\":\"fr-FR\"},{\"@type\":\"Organization\",\"@id\":\"https:\/\/independentwomenlovelife.com\/#organization\",\"name\":\"Independent Women Love Life\",\"url\":\"https:\/\/independentwomenlovelife.com\/\",\"logo\":{\"@type\":\"ImageObject\",\"inLanguage\":\"fr-FR\",\"@id\":\"https:\/\/independentwomenlovelife.com\/#\/schema\/logo\/image\/\",\"url\":\"https:\/\/independentwomenlovelife.com\/wp-content\/uploads\/2025\/01\/independent-women-love-life_logo_hires.svg\",\"contentUrl\":\"https:\/\/independentwomenlovelife.com\/wp-content\/uploads\/2025\/01\/independent-women-love-life_logo_hires.svg\",\"width\":1500,\"height\":450,\"caption\":\"Independent Women Love Life\"},\"image\":{\"@id\":\"https:\/\/independentwomenlovelife.com\/#\/schema\/logo\/image\/\"},\"sameAs\":[\"https:\/\/www.instagram.com\/independentwomenlovelife\"]}]}<\/script>\n<!-- \/ Yoast SEO plugin. -->","yoast_head_json":{"title":"Be Yourself with Men | Independent Women Love Life","robots":{"index":"index","follow":"follow","max-snippet":"max-snippet:-1","max-image-preview":"max-image-preview:large","max-video-preview":"max-video-preview:-1"},"canonical":"https:\/\/independentwomenlovelife.com\/fr\/strategy\/","og_locale":"fr_FR","og_type":"article","og_title":"Be Yourself with Men | Independent Women Love Life","og_description":"90 Minutes to Clarity with Adrienne Wavre, Relationship Coach for Single Mums You are a single woman who is frustrated and sad about negative experiences you\u2019ve had in past relationships. It\u2019s made you give up on dating and finding a new partnership. But you long for companionship. I get it. Believe it or not, nearly [&hellip;]","og_url":"https:\/\/independentwomenlovelife.com\/fr\/strategy\/","og_site_name":"Independent Women Love Life","article_modified_time":"2025-01-06T19:01:30+00:00","twitter_card":"summary_large_image","twitter_misc":{"Dur\u00e9e de lecture estim\u00e9e":"2 minutes"},"schema":{"@context":"https:\/\/schema.org","@graph":[{"@type":"WebPage","@id":"https:\/\/independentwomenlovelife.com\/strategy\/","url":"https:\/\/independentwomenlovelife.com\/strategy\/","name":"Be Yourself with Men | Independent Women Love Life","isPartOf":{"@id":"https:\/\/independentwomenlovelife.com\/#website"},"datePublished":"2024-10-02T09:07:16+00:00","dateModified":"2025-01-06T19:01:30+00:00","breadcrumb":{"@id":"https:\/\/independentwomenlovelife.com\/strategy\/#breadcrumb"},"inLanguage":"fr-FR","potentialAction":[{"@type":"ReadAction","target":["https:\/\/independentwomenlovelife.com\/strategy\/"]}]},{"@type":"BreadcrumbList","@id":"https:\/\/independentwomenlovelife.com\/strategy\/#breadcrumb","itemListElement":[{"@type":"ListItem","position":1,"name":"Home","item":"https:\/\/independentwomenlovelife.com\/"},{"@type":"ListItem","position":2,"name":"Be Yourself with Men"}]},{"@type":"WebSite","@id":"https:\/\/independentwomenlovelife.com\/#website","url":"https:\/\/independentwomenlovelife.com\/","name":"Independent Women Love Life","description":"Helping people pleasing moms undo the negative patterns of previous love relationships and confidently create a healthy partnership","publisher":{"@id":"https:\/\/independentwomenlovelife.com\/#organization"},"potentialAction":[{"@type":"SearchAction","target":{"@type":"EntryPoint","urlTemplate":"https:\/\/independentwomenlovelife.com\/?s={search_term_string}"},"query-input":{"@type":"PropertyValueSpecification","valueRequired":true,"valueName":"search_term_string"}}],"inLanguage":"fr-FR"},{"@type":"Organization","@id":"https:\/\/independentwomenlovelife.com\/#organization","name":"Independent Women Love Life","url":"https:\/\/independentwomenlovelife.com\/","logo":{"@type":"ImageObject","inLanguage":"fr-FR","@id":"https:\/\/independentwomenlovelife.com\/#\/schema\/logo\/image\/","url":"https:\/\/independentwomenlovelife.com\/wp-content\/uploads\/2025\/01\/independent-women-love-life_logo_hires.svg","contentUrl":"https:\/\/independentwomenlovelife.com\/wp-content\/uploads\/2025\/01\/independent-women-love-life_logo_hires.svg","width":1500,"height":450,"caption":"Independent Women Love Life"},"image":{"@id":"https:\/\/independentwomenlovelife.com\/#\/schema\/logo\/image\/"},"sameAs":["https:\/\/www.instagram.com\/independentwomenlovelife"]}]}},"_links":{"self":[{"href":"https:\/\/independentwomenlovelife.com\/fr\/wp-json\/wp\/v2\/pages\/196","targetHints":{"allow":["GET"]}}],"collection":[{"href":"https:\/\/independentwomenlovelife.com\/fr\/wp-json\/wp\/v2\/pages"}],"about":[{"href":"https:\/\/independentwomenlovelife.com\/fr\/wp-json\/wp\/v2\/types\/page"}],"author":[{"embeddable":true,"href":"https:\/\/independentwomenlovelife.com\/fr\/wp-json\/wp\/v2\/users\/4"}],"replies":[{"embeddable":true,"href":"https:\/\/independentwomenlovelife.com\/fr\/wp-json\/wp\/v2\/comments?post=196"}],"version-history":[{"count":5,"href":"https:\/\/independentwomenlovelife.com\/fr\/wp-json\/wp\/v2\/pages\/196\/revisions"}],"predecessor-version":[{"id":785,"href":"https:\/\/independentwomenlovelife.com\/fr\/wp-json\/wp\/v2\/pages\/196\/revisions\/785"}],"wp:attachment":[{"href":"https:\/\/independentwomenlovelife.com\/fr\/wp-json\/wp\/v2\/media?parent=196"}],"curies":[{"name":"wp","href":"https:\/\/api.w.org\/{rel}","templated":true}]}}