{"id":19,"date":"2024-10-02T14:12:06","date_gmt":"2024-10-02T12:12:06","guid":{"rendered":"https:\/\/independentwomenlovelife.com\/?page_id=19"},"modified":"2024-12-12T20:39:50","modified_gmt":"2024-12-12T19:39:50","slug":"contact","status":"publish","type":"page","link":"https:\/\/independentwomenlovelife.com\/fr\/contact\/","title":{"rendered":"Contact"},"content":{"rendered":"<div data-elementor-type=\"wp-post\" data-elementor-id=\"19\" class=\"elementor elementor-19\" data-elementor-post-type=\"page\">\n\t\t\t\t<div class=\"elementor-element elementor-element-dda9cc3 e-flex e-con-boxed e-con e-parent\" data-id=\"dda9cc3\" data-element_type=\"container\">\n\t\t\t\t\t<div class=\"e-con-inner\">\n\t\t\t\t<div class=\"elementor-element elementor-element-e531061 elementor-widget elementor-widget-heading\" data-id=\"e531061\" data-element_type=\"widget\" data-widget_type=\"heading.default\">\n\t\t\t\t<div class=\"elementor-widget-container\">\n\t\t\t\t\t<h2 class=\"elementor-heading-title elementor-size-default\">Ne voudriez-vous pas vous d\u00e9barrasser du poids des relations pass\u00e9es difficiles et rencontrer des hommes qui pourraient devenir de v\u00e9ritables partenaires?<\/h2>\t\t\t\t<\/div>\n\t\t\t\t<\/div>\n\t\t\t\t<div class=\"elementor-element elementor-element-a34638f elementor-widget elementor-widget-text-editor\" data-id=\"a34638f\" data-element_type=\"widget\" data-widget_type=\"text-editor.default\">\n\t\t\t\t<div class=\"elementor-widget-container\">\n\t\t\t\t\t\t\t\t\t<p>D\u00e9couvrez comment j\u2019accompagne les m\u00e8res c\u00e9libataires et <a href=\"https:\/\/independentwomenlovelife.com\/fr\/work-with-adrienne\/\" data-wplink-url-error=\"true\">parlez-moi de vous en remplissant le formulaire.<\/a>.<\/p><p>Connectons-nous <a href=\"https:\/\/www.instagram.com\/independentwomenlovelife\" target=\"_blank\" rel=\"noopener\">Instagram<\/a>.<\/p><p>Vous avez des questions? Envoyez un email \u00e0 <a href=\"mailto:&#x41;&#x64;&#x72;&#x69;&#x65;&#x6e;&#x6e;&#x65;&#x40;&#x49;&#x6e;&#x64;&#x65;&#x70;&#x65;&#x6e;&#x64;&#x65;&#x6e;&#x74;&#x57;&#x6f;&#x6d;&#x65;&#x6e;&#x4c;&#x6f;&#x76;&#x65;&#x4c;&#x69;&#x66;&#x65;&#x2e;&#x63;&#x6f;&#x6d;\" target=\"_blank\" rel=\"noopener\">&#x41;&#x64;&#x72;&#x69;&#x65;&#x6e;&#x6e;&#x65;&#x40;<span class=\"oe_displaynone\">null<\/span>&#x49;&#x6e;&#x64;&#x65;&#x70;&#x65;&#x6e;&#x64;&#x65;&#x6e;&#x74;&#x57;&#x6f;&#x6d;&#x65;&#x6e;&#x4c;&#x6f;&#x76;&#x65;&#x4c;&#x69;&#x66;&#x65;&#x2e;&#x63;&#x6f;&#x6d;<\/a>.<\/p>\t\t\t\t\t\t\t\t<\/div>\n\t\t\t\t<\/div>\n\t\t\t\t<div class=\"elementor-element elementor-element-280cc24 elementor-widget elementor-widget-shortcode\" data-id=\"280cc24\" data-element_type=\"widget\" data-widget_type=\"shortcode.default\">\n\t\t\t\t<div class=\"elementor-widget-container\">\n\t\t\t\t\t\t\t<div class=\"elementor-shortcode\">\t\t<div data-elementor-type=\"page\" data-elementor-id=\"637\" class=\"elementor elementor-637\" data-elementor-post-type=\"elementor_library\">\n\t\t\t\t<div class=\"elementor-element elementor-element-49bba2d e-flex e-con-boxed e-con e-parent\" data-id=\"49bba2d\" data-element_type=\"container\">\n\t\t\t\t\t<div class=\"e-con-inner\">\n\t\t\t\t<div class=\"elementor-element elementor-element-1fb3e8f elementor-widget elementor-widget-text-editor\" data-id=\"1fb3e8f\" data-element_type=\"widget\" data-widget_type=\"text-editor.default\">\n\t\t\t\t<div class=\"elementor-widget-container\">\n\t\t\t\t\t\t\t\t\t<p><img decoding=\"async\" class=\"alignnone  wp-image-789\" role=\"img\" src=\"https:\/\/independentwomenlovelife.com\/wp-content\/uploads\/2024\/11\/adrienne-sig-1.png\" alt=\"Adrienne\" width=\"164\" height=\"48\" \/><br \/><strong>Adrienne Wavre<\/strong><br \/>Coach relationnel pour m\u00e8res c\u00e9libataires<\/p>\t\t\t\t\t\t\t\t<\/div>\n\t\t\t\t<\/div>\n\t\t\t\t\t<\/div>\n\t\t\t\t<\/div>\n\t\t\t\t<\/div>\n\t\t<\/div>\n\t\t\t\t\t\t<\/div>\n\t\t\t\t<\/div>\n\t\t\t\t\t<\/div>\n\t\t\t\t<\/div>\n\t\t\t\t<\/div>","protected":false},"excerpt":{"rendered":"<p>Wouldn\u2019t you like to shake off bad relationship baggage and find men who could be your partner? Read about how I work with single mums and tell me about yourself on the application here. Let\u2019s connect on Instagram. Questions? Email &#x41;&#x64;&#x72;&#x69;&#x65;&#x6e;&#x6e;&#x65;&#x40;null&#x49;&#x6e;&#x64;&#x65;&#x70;&#x65;&#x6e;&#x64;&#x65;&#x6e;&#x74;&#x57;&#x6f;&#x6d;&#x65;&#x6e;&#x4c;&#x6f;&#x76;&#x65;&#x4c;&#x69;&#x66;&#x65;&#x2e;&#x63;&#x6f;&#x6d;.<\/p>","protected":false},"author":4,"featured_media":0,"parent":0,"menu_order":0,"comment_status":"closed","ping_status":"closed","template":"","meta":{"_acf_changed":false,"footnotes":""},"class_list":["post-19","page","type-page","status-publish","hentry"],"acf":[],"yoast_head":"<!-- This site is optimized with the Yoast SEO plugin v26.3 - https:\/\/yoast.com\/wordpress\/plugins\/seo\/ -->\n<title>Contact | Independent Women Love Life<\/title>\n<meta name=\"robots\" content=\"index, follow, max-snippet:-1, max-image-preview:large, max-video-preview:-1\" \/>\n<link rel=\"canonical\" href=\"https:\/\/independentwomenlovelife.com\/fr\/contact\/\" \/>\n<meta property=\"og:locale\" content=\"fr_FR\" \/>\n<meta property=\"og:type\" content=\"article\" \/>\n<meta property=\"og:title\" content=\"Contact | Independent Women Love Life\" \/>\n<meta property=\"og:description\" content=\"Wouldn\u2019t you like to shake off bad relationship baggage and find men who could be your partner? Read about how I work with single mums and tell me about yourself on the application here. Let\u2019s connect on Instagram. Questions? Email &#x41;&#x64;&#x72;&#x69;&#x65;&#x6e;&#x6e;&#x65;&#x40;null&#x49;&#x6e;&#x64;&#x65;&#x70;&#x65;&#x6e;&#x64;&#x65;&#x6e;&#x74;&#x57;&#x6f;&#x6d;&#x65;&#x6e;&#x4c;&#x6f;&#x76;&#x65;&#x4c;&#x69;&#x66;&#x65;&#x2e;&#x63;&#x6f;&#x6d;.\" \/>\n<meta property=\"og:url\" content=\"https:\/\/independentwomenlovelife.com\/fr\/contact\/\" \/>\n<meta property=\"og:site_name\" content=\"Independent Women Love Life\" \/>\n<meta property=\"article:modified_time\" content=\"2024-12-12T19:39:50+00:00\" \/>\n<meta name=\"twitter:card\" content=\"summary_large_image\" \/>\n<meta name=\"twitter:label1\" content=\"Dur\u00e9e de lecture estim\u00e9e\" \/>\n\t<meta name=\"twitter:data1\" content=\"1 minute\" \/>\n<script type=\"application\/ld+json\" class=\"yoast-schema-graph\">{\"@context\":\"https:\/\/schema.org\",\"@graph\":[{\"@type\":\"WebPage\",\"@id\":\"https:\/\/independentwomenlovelife.com\/contact\/\",\"url\":\"https:\/\/independentwomenlovelife.com\/contact\/\",\"name\":\"Contact | Independent Women Love Life\",\"isPartOf\":{\"@id\":\"https:\/\/independentwomenlovelife.com\/#website\"},\"datePublished\":\"2024-10-02T12:12:06+00:00\",\"dateModified\":\"2024-12-12T19:39:50+00:00\",\"breadcrumb\":{\"@id\":\"https:\/\/independentwomenlovelife.com\/contact\/#breadcrumb\"},\"inLanguage\":\"fr-FR\",\"potentialAction\":[{\"@type\":\"ReadAction\",\"target\":[\"https:\/\/independentwomenlovelife.com\/contact\/\"]}]},{\"@type\":\"BreadcrumbList\",\"@id\":\"https:\/\/independentwomenlovelife.com\/contact\/#breadcrumb\",\"itemListElement\":[{\"@type\":\"ListItem\",\"position\":1,\"name\":\"Home\",\"item\":\"https:\/\/independentwomenlovelife.com\/\"},{\"@type\":\"ListItem\",\"position\":2,\"name\":\"Contact\"}]},{\"@type\":\"WebSite\",\"@id\":\"https:\/\/independentwomenlovelife.com\/#website\",\"url\":\"https:\/\/independentwomenlovelife.com\/\",\"name\":\"Independent Women Love Life\",\"description\":\"Helping people pleasing moms undo the negative patterns of previous love relationships and confidently create a healthy partnership\",\"publisher\":{\"@id\":\"https:\/\/independentwomenlovelife.com\/#organization\"},\"potentialAction\":[{\"@type\":\"SearchAction\",\"target\":{\"@type\":\"EntryPoint\",\"urlTemplate\":\"https:\/\/independentwomenlovelife.com\/?s={search_term_string}\"},\"query-input\":{\"@type\":\"PropertyValueSpecification\",\"valueRequired\":true,\"valueName\":\"search_term_string\"}}],\"inLanguage\":\"fr-FR\"},{\"@type\":\"Organization\",\"@id\":\"https:\/\/independentwomenlovelife.com\/#organization\",\"name\":\"Independent Women Love Life\",\"url\":\"https:\/\/independentwomenlovelife.com\/\",\"logo\":{\"@type\":\"ImageObject\",\"inLanguage\":\"fr-FR\",\"@id\":\"https:\/\/independentwomenlovelife.com\/#\/schema\/logo\/image\/\",\"url\":\"https:\/\/independentwomenlovelife.com\/wp-content\/uploads\/2025\/01\/independent-women-love-life_logo_hires.svg\",\"contentUrl\":\"https:\/\/independentwomenlovelife.com\/wp-content\/uploads\/2025\/01\/independent-women-love-life_logo_hires.svg\",\"width\":1500,\"height\":450,\"caption\":\"Independent Women Love Life\"},\"image\":{\"@id\":\"https:\/\/independentwomenlovelife.com\/#\/schema\/logo\/image\/\"},\"sameAs\":[\"https:\/\/www.instagram.com\/independentwomenlovelife\"]}]}<\/script>\n<!-- \/ Yoast SEO plugin. -->","yoast_head_json":{"title":"Contact | Independent Women Love Life","robots":{"index":"index","follow":"follow","max-snippet":"max-snippet:-1","max-image-preview":"max-image-preview:large","max-video-preview":"max-video-preview:-1"},"canonical":"https:\/\/independentwomenlovelife.com\/fr\/contact\/","og_locale":"fr_FR","og_type":"article","og_title":"Contact | Independent Women Love Life","og_description":"Wouldn\u2019t you like to shake off bad relationship baggage and find men who could be your partner? Read about how I work with single mums and tell me about yourself on the application here. Let\u2019s connect on Instagram. Questions? Email &#x41;&#x64;&#x72;&#x69;&#x65;&#x6e;&#x6e;&#x65;&#x40;null&#x49;&#x6e;&#x64;&#x65;&#x70;&#x65;&#x6e;&#x64;&#x65;&#x6e;&#x74;&#x57;&#x6f;&#x6d;&#x65;&#x6e;&#x4c;&#x6f;&#x76;&#x65;&#x4c;&#x69;&#x66;&#x65;&#x2e;&#x63;&#x6f;&#x6d;.","og_url":"https:\/\/independentwomenlovelife.com\/fr\/contact\/","og_site_name":"Independent Women Love Life","article_modified_time":"2024-12-12T19:39:50+00:00","twitter_card":"summary_large_image","twitter_misc":{"Dur\u00e9e de lecture estim\u00e9e":"1 minute"},"schema":{"@context":"https:\/\/schema.org","@graph":[{"@type":"WebPage","@id":"https:\/\/independentwomenlovelife.com\/contact\/","url":"https:\/\/independentwomenlovelife.com\/contact\/","name":"Contact | Independent Women Love Life","isPartOf":{"@id":"https:\/\/independentwomenlovelife.com\/#website"},"datePublished":"2024-10-02T12:12:06+00:00","dateModified":"2024-12-12T19:39:50+00:00","breadcrumb":{"@id":"https:\/\/independentwomenlovelife.com\/contact\/#breadcrumb"},"inLanguage":"fr-FR","potentialAction":[{"@type":"ReadAction","target":["https:\/\/independentwomenlovelife.com\/contact\/"]}]},{"@type":"BreadcrumbList","@id":"https:\/\/independentwomenlovelife.com\/contact\/#breadcrumb","itemListElement":[{"@type":"ListItem","position":1,"name":"Home","item":"https:\/\/independentwomenlovelife.com\/"},{"@type":"ListItem","position":2,"name":"Contact"}]},{"@type":"WebSite","@id":"https:\/\/independentwomenlovelife.com\/#website","url":"https:\/\/independentwomenlovelife.com\/","name":"Independent Women Love Life","description":"Helping people pleasing moms undo the negative patterns of previous love relationships and confidently create a healthy partnership","publisher":{"@id":"https:\/\/independentwomenlovelife.com\/#organization"},"potentialAction":[{"@type":"SearchAction","target":{"@type":"EntryPoint","urlTemplate":"https:\/\/independentwomenlovelife.com\/?s={search_term_string}"},"query-input":{"@type":"PropertyValueSpecification","valueRequired":true,"valueName":"search_term_string"}}],"inLanguage":"fr-FR"},{"@type":"Organization","@id":"https:\/\/independentwomenlovelife.com\/#organization","name":"Independent Women Love Life","url":"https:\/\/independentwomenlovelife.com\/","logo":{"@type":"ImageObject","inLanguage":"fr-FR","@id":"https:\/\/independentwomenlovelife.com\/#\/schema\/logo\/image\/","url":"https:\/\/independentwomenlovelife.com\/wp-content\/uploads\/2025\/01\/independent-women-love-life_logo_hires.svg","contentUrl":"https:\/\/independentwomenlovelife.com\/wp-content\/uploads\/2025\/01\/independent-women-love-life_logo_hires.svg","width":1500,"height":450,"caption":"Independent Women Love Life"},"image":{"@id":"https:\/\/independentwomenlovelife.com\/#\/schema\/logo\/image\/"},"sameAs":["https:\/\/www.instagram.com\/independentwomenlovelife"]}]}},"_links":{"self":[{"href":"https:\/\/independentwomenlovelife.com\/fr\/wp-json\/wp\/v2\/pages\/19","targetHints":{"allow":["GET"]}}],"collection":[{"href":"https:\/\/independentwomenlovelife.com\/fr\/wp-json\/wp\/v2\/pages"}],"about":[{"href":"https:\/\/independentwomenlovelife.com\/fr\/wp-json\/wp\/v2\/types\/page"}],"author":[{"embeddable":true,"href":"https:\/\/independentwomenlovelife.com\/fr\/wp-json\/wp\/v2\/users\/4"}],"replies":[{"embeddable":true,"href":"https:\/\/independentwomenlovelife.com\/fr\/wp-json\/wp\/v2\/comments?post=19"}],"version-history":[{"count":5,"href":"https:\/\/independentwomenlovelife.com\/fr\/wp-json\/wp\/v2\/pages\/19\/revisions"}],"predecessor-version":[{"id":738,"href":"https:\/\/independentwomenlovelife.com\/fr\/wp-json\/wp\/v2\/pages\/19\/revisions\/738"}],"wp:attachment":[{"href":"https:\/\/independentwomenlovelife.com\/fr\/wp-json\/wp\/v2\/media?parent=19"}],"curies":[{"name":"wp","href":"https:\/\/api.w.org\/{rel}","templated":true}]}}